{"id":2502,"date":"2022-10-31T06:48:35","date_gmt":"2022-10-31T06:48:35","guid":{"rendered":"https:\/\/dev-swim.740.is\/frettir\/"},"modified":"2023-03-31T16:53:51","modified_gmt":"2023-03-31T16:53:51","slug":"news","status":"publish","type":"page","link":"https:\/\/sundlaugar.is\/en\/news\/","title":{"rendered":"News"},"content":{"rendered":"\t\t<div data-elementor-type=\"wp-page\" data-elementor-id=\"2502\" class=\"elementor elementor-2502 elementor-2500\" data-elementor-post-type=\"page\">\n\t\t\t\t\t\t<section class=\"elementor-section elementor-top-section elementor-element elementor-element-5c79c71 elementor-section-height-min-height elementor-section-boxed elementor-section-height-default elementor-section-items-middle\" data-id=\"5c79c71\" data-element_type=\"section\" data-e-type=\"section\" data-settings=\"{&quot;background_background&quot;:&quot;gradient&quot;,&quot;shape_divider_bottom&quot;:&quot;waves&quot;}\">\n\t\t\t\t\t\t\t<div class=\"elementor-background-overlay\"><\/div>\n\t\t\t\t\t\t<div class=\"elementor-shape elementor-shape-bottom\" aria-hidden=\"true\" data-negative=\"false\">\n\t\t\t<svg xmlns=\"http:\/\/www.w3.org\/2000\/svg\" viewBox=\"0 0 1000 100\" preserveAspectRatio=\"none\">\n\t<path class=\"elementor-shape-fill\" d=\"M421.9,6.5c22.6-2.5,51.5,0.4,75.5,5.3c23.6,4.9,70.9,23.5,100.5,35.7c75.8,32.2,133.7,44.5,192.6,49.7\n\tc23.6,2.1,48.7,3.5,103.4-2.5c54.7-6,106.2-25.6,106.2-25.6V0H0v30.3c0,0,72,32.6,158.4,30.5c39.2-0.7,92.8-6.7,134-22.4\n\tc21.2-8.1,52.2-18.2,79.7-24.2C399.3,7.9,411.6,7.5,421.9,6.5z\"\/>\n<\/svg>\t\t<\/div>\n\t\t\t\t\t<div class=\"elementor-container elementor-column-gap-default\">\n\t\t\t\t\t<div class=\"elementor-column elementor-col-100 elementor-top-column elementor-element elementor-element-912a327\" data-id=\"912a327\" data-element_type=\"column\" data-e-type=\"column\">\n\t\t\t<div class=\"elementor-widget-wrap elementor-element-populated\">\n\t\t\t\t\t\t<div class=\"elementor-element elementor-element-7a0f46f elementor-widget elementor-widget-heading\" data-id=\"7a0f46f\" data-element_type=\"widget\" data-e-type=\"widget\" data-widget_type=\"heading.default\">\n\t\t\t\t<div class=\"elementor-widget-container\">\n\t\t\t\t\t<h3 class=\"elementor-heading-title elementor-size-default\">here you get all the news and information from swimming pools in Iceland<\/h3>\t\t\t\t<\/div>\n\t\t\t\t<\/div>\n\t\t\t\t\t<\/div>\n\t\t<\/div>\n\t\t\t\t\t<\/div>\n\t\t<\/section>\n\t\t\t\t<section class=\"elementor-section elementor-top-section elementor-element elementor-element-3d2ecc8 elementor-section-boxed elementor-section-height-default elementor-section-height-default\" data-id=\"3d2ecc8\" data-element_type=\"section\" data-e-type=\"section\" data-settings=\"{&quot;background_background&quot;:&quot;classic&quot;}\">\n\t\t\t\t\t\t<div class=\"elementor-container elementor-column-gap-default\">\n\t\t\t\t\t<div class=\"elementor-column elementor-col-100 elementor-top-column elementor-element elementor-element-e76efb9\" data-id=\"e76efb9\" data-element_type=\"column\" data-e-type=\"column\">\n\t\t\t<div class=\"elementor-widget-wrap elementor-element-populated\">\n\t\t\t\t\t\t<div class=\"elementor-element elementor-element-ea19007 elementor-grid-3 elementor-grid-tablet-2 elementor-grid-mobile-1 elementor-posts--thumbnail-top elementor-card-shadow-yes elementor-posts__hover-gradient elementor-widget elementor-widget-posts\" data-id=\"ea19007\" data-element_type=\"widget\" data-e-type=\"widget\" data-settings=\"{&quot;pagination_type&quot;:&quot;numbers_and_prev_next&quot;,&quot;cards_columns&quot;:&quot;3&quot;,&quot;cards_columns_tablet&quot;:&quot;2&quot;,&quot;cards_columns_mobile&quot;:&quot;1&quot;,&quot;cards_row_gap&quot;:{&quot;unit&quot;:&quot;px&quot;,&quot;size&quot;:35,&quot;sizes&quot;:[]},&quot;cards_row_gap_tablet&quot;:{&quot;unit&quot;:&quot;px&quot;,&quot;size&quot;:&quot;&quot;,&quot;sizes&quot;:[]},&quot;cards_row_gap_mobile&quot;:{&quot;unit&quot;:&quot;px&quot;,&quot;size&quot;:&quot;&quot;,&quot;sizes&quot;:[]}}\" data-widget_type=\"posts.cards\">\n\t\t\t\t<div class=\"elementor-widget-container\">\n\t\t\t\t\t\t\t<div class=\"elementor-posts-container elementor-posts elementor-posts--skin-cards elementor-grid\" role=\"list\">\n\t\t\t\t<article class=\"elementor-post elementor-grid-item post-4840 frettir type-frettir status-publish has-post-thumbnail hentry category-news\" role=\"listitem\">\n\t\t\t<div class=\"elementor-post__card\">\n\t\t\t\t<a class=\"elementor-post__thumbnail__link\" href=\"https:\/\/sundlaugar.is\/en\/frettir\/opnunartimar-paskana-2026\/\" tabindex=\"-1\" ><div class=\"elementor-post__thumbnail\"><img fetchpriority=\"high\" decoding=\"async\" width=\"300\" height=\"200\" src=\"https:\/\/sundlaugar.is\/wp-content\/uploads\/2017\/04\/Sund-og-p\u00e1skar-300x200.jpg\" class=\"attachment-medium size-medium wp-image-840\" alt=\"\" srcset=\"https:\/\/sundlaugar.is\/wp-content\/uploads\/2017\/04\/Sund-og-p\u00e1skar-300x200.jpg 300w, https:\/\/sundlaugar.is\/wp-content\/uploads\/2017\/04\/Sund-og-p\u00e1skar-768x512.jpg 768w, https:\/\/sundlaugar.is\/wp-content\/uploads\/2017\/04\/Sund-og-p\u00e1skar.jpg 1000w\" sizes=\"(max-width: 300px) 100vw, 300px\" \/><\/div><\/a>\n\t\t\t\t<div class=\"elementor-post__text\">\n\t\t\t\t<h3 class=\"elementor-post__title\">\n\t\t\t<a href=\"https:\/\/sundlaugar.is\/en\/frettir\/opnunartimar-paskana-2026\/\" >\n\t\t\t\tOpening time during Easter 2026\t\t\t<\/a>\n\t\t<\/h3>\n\t\t\t\t<div class=\"elementor-post__excerpt\">\n\t\t\t<p>Below you can see the opening hours of swimming pools during Easter 2026. Information has not been received about the opening hours of all swimming<\/p>\n\t\t<\/div>\n\t\t\n\t\t<a class=\"elementor-post__read-more\" href=\"https:\/\/sundlaugar.is\/en\/frettir\/opnunartimar-paskana-2026\/\" aria-label=\"Read more about Opening time during Easter 2026\" tabindex=\"-1\" >\n\t\t\tRead More \u00bb\t\t<\/a>\n\n\t\t\t\t<\/div>\n\t\t\t\t<div class=\"elementor-post__meta-data\">\n\t\t\t\t\t<span class=\"elementor-post-date\">\n\t\t\t27 March 2026\t\t<\/span>\n\t\t\t\t<\/div>\n\t\t\t\t\t<\/div>\n\t\t<\/article>\n\t\t\t\t<article class=\"elementor-post elementor-grid-item post-4664 frettir type-frettir status-publish has-post-thumbnail hentry category-news\" role=\"listitem\">\n\t\t\t<div class=\"elementor-post__card\">\n\t\t\t\t<a class=\"elementor-post__thumbnail__link\" href=\"https:\/\/sundlaugar.is\/en\/frettir\/opnunartimar-jolin-2025\/\" tabindex=\"-1\" ><div class=\"elementor-post__thumbnail\"><img decoding=\"async\" width=\"300\" height=\"201\" src=\"https:\/\/sundlaugar.is\/wp-content\/uploads\/2017\/12\/swim-santa-300x201.jpg\" class=\"attachment-medium size-medium wp-image-868\" alt=\"\" srcset=\"https:\/\/sundlaugar.is\/wp-content\/uploads\/2017\/12\/swim-santa-300x201.jpg 300w, https:\/\/sundlaugar.is\/wp-content\/uploads\/2017\/12\/swim-santa.jpg 400w\" sizes=\"(max-width: 300px) 100vw, 300px\" \/><\/div><\/a>\n\t\t\t\t<div class=\"elementor-post__text\">\n\t\t\t\t<h3 class=\"elementor-post__title\">\n\t\t\t<a href=\"https:\/\/sundlaugar.is\/en\/frettir\/opnunartimar-jolin-2025\/\" >\n\t\t\t\tOpening hours &#8211; Christmas 2025\t\t\t<\/a>\n\t\t<\/h3>\n\t\t\t\t<div class=\"elementor-post__excerpt\">\n\t\t\t<p>Here in the link below is a list of the opening hours during Christmas and new years 2024.\u00a0 Some lines are still blank but will<\/p>\n\t\t<\/div>\n\t\t\n\t\t<a class=\"elementor-post__read-more\" href=\"https:\/\/sundlaugar.is\/en\/frettir\/opnunartimar-jolin-2025\/\" aria-label=\"Read more about Opening hours &#8211; Christmas 2025\" tabindex=\"-1\" >\n\t\t\tRead More \u00bb\t\t<\/a>\n\n\t\t\t\t<\/div>\n\t\t\t\t<div class=\"elementor-post__meta-data\">\n\t\t\t\t\t<span class=\"elementor-post-date\">\n\t\t\t20 December 2025\t\t<\/span>\n\t\t\t\t<\/div>\n\t\t\t\t\t<\/div>\n\t\t<\/article>\n\t\t\t\t<article class=\"elementor-post elementor-grid-item post-4542 frettir type-frettir status-publish has-post-thumbnail hentry category-news\" role=\"listitem\">\n\t\t\t<div class=\"elementor-post__card\">\n\t\t\t\t<a class=\"elementor-post__thumbnail__link\" href=\"https:\/\/sundlaugar.is\/en\/frettir\/fridagar-sumarid-2025\/\" tabindex=\"-1\" ><div class=\"elementor-post__thumbnail\"><img decoding=\"async\" width=\"225\" height=\"300\" src=\"https:\/\/sundlaugar.is\/wp-content\/uploads\/2025\/02\/Grenivik-2025-3-225x300.jpeg\" class=\"attachment-medium size-medium wp-image-4399\" alt=\"\" srcset=\"https:\/\/sundlaugar.is\/wp-content\/uploads\/2025\/02\/Grenivik-2025-3-225x300.jpeg 225w, https:\/\/sundlaugar.is\/wp-content\/uploads\/2025\/02\/Grenivik-2025-3-768x1024.jpeg 768w, https:\/\/sundlaugar.is\/wp-content\/uploads\/2025\/02\/Grenivik-2025-3-1152x1536.jpeg 1152w, https:\/\/sundlaugar.is\/wp-content\/uploads\/2025\/02\/Grenivik-2025-3.jpeg 1170w\" sizes=\"(max-width: 225px) 100vw, 225px\" \/><\/div><\/a>\n\t\t\t\t<div class=\"elementor-post__text\">\n\t\t\t\t<h3 class=\"elementor-post__title\">\n\t\t\t<a href=\"https:\/\/sundlaugar.is\/en\/frettir\/fridagar-sumarid-2025\/\" >\n\t\t\t\tHolidays during summer 2025\t\t\t<\/a>\n\t\t<\/h3>\n\t\t\t\t<div class=\"elementor-post__excerpt\">\n\t\t\t<p>Here below are the opening hours for the holidays during summer 2025.\u00a0 We have not received opening hours from all swimming pools but we will<\/p>\n\t\t<\/div>\n\t\t\n\t\t<a class=\"elementor-post__read-more\" href=\"https:\/\/sundlaugar.is\/en\/frettir\/fridagar-sumarid-2025\/\" aria-label=\"Read more about Holidays during summer 2025\" tabindex=\"-1\" >\n\t\t\tRead More \u00bb\t\t<\/a>\n\n\t\t\t\t<\/div>\n\t\t\t\t<div class=\"elementor-post__meta-data\">\n\t\t\t\t\t<span class=\"elementor-post-date\">\n\t\t\t6 June 2025\t\t<\/span>\n\t\t\t\t<\/div>\n\t\t\t\t\t<\/div>\n\t\t<\/article>\n\t\t\t\t<article class=\"elementor-post elementor-grid-item post-4510 frettir type-frettir status-publish has-post-thumbnail hentry category-news\" role=\"listitem\">\n\t\t\t<div class=\"elementor-post__card\">\n\t\t\t\t<a class=\"elementor-post__thumbnail__link\" href=\"https:\/\/sundlaugar.is\/en\/frettir\/vidhaldslokanir-i-reykjavik-sumarid-2025\/\" tabindex=\"-1\" ><div class=\"elementor-post__thumbnail\"><img loading=\"lazy\" decoding=\"async\" width=\"300\" height=\"225\" src=\"https:\/\/sundlaugar.is\/wp-content\/uploads\/2024\/03\/Vesturbaejarlaug-33-Custom-300x225.jpg\" class=\"attachment-medium size-medium wp-image-3373\" alt=\"\" srcset=\"https:\/\/sundlaugar.is\/wp-content\/uploads\/2024\/03\/Vesturbaejarlaug-33-Custom-300x225.jpg 300w, https:\/\/sundlaugar.is\/wp-content\/uploads\/2024\/03\/Vesturbaejarlaug-33-Custom-1024x768.jpg 1024w, https:\/\/sundlaugar.is\/wp-content\/uploads\/2024\/03\/Vesturbaejarlaug-33-Custom-768x576.jpg 768w, https:\/\/sundlaugar.is\/wp-content\/uploads\/2024\/03\/Vesturbaejarlaug-33-Custom.jpg 1500w\" sizes=\"(max-width: 300px) 100vw, 300px\" \/><\/div><\/a>\n\t\t\t\t<div class=\"elementor-post__text\">\n\t\t\t\t<h3 class=\"elementor-post__title\">\n\t\t\t<a href=\"https:\/\/sundlaugar.is\/en\/frettir\/vidhaldslokanir-i-reykjavik-sumarid-2025\/\" >\n\t\t\t\tMaintenance work in Reykjav\u00edk swimming pools\t\t\t<\/a>\n\t\t<\/h3>\n\t\t\t\t<div class=\"elementor-post__excerpt\">\n\t\t\t<p>The swimming pools in Reykjav\u00edk will be closed on the following dates due to maintenance work. \u00c1rb\u00e6jarlaug: 19. May\u2013 4. June Brei\u00f0holtslaug: 10. \u2013 17.<\/p>\n\t\t<\/div>\n\t\t\n\t\t<a class=\"elementor-post__read-more\" href=\"https:\/\/sundlaugar.is\/en\/frettir\/vidhaldslokanir-i-reykjavik-sumarid-2025\/\" aria-label=\"Read more about Maintenance work in Reykjav\u00edk swimming pools\" tabindex=\"-1\" >\n\t\t\tRead More \u00bb\t\t<\/a>\n\n\t\t\t\t<\/div>\n\t\t\t\t<div class=\"elementor-post__meta-data\">\n\t\t\t\t\t<span class=\"elementor-post-date\">\n\t\t\t12 May 2025\t\t<\/span>\n\t\t\t\t<\/div>\n\t\t\t\t\t<\/div>\n\t\t<\/article>\n\t\t\t\t<article class=\"elementor-post elementor-grid-item post-4469 frettir type-frettir status-publish has-post-thumbnail hentry category-news\" role=\"listitem\">\n\t\t\t<div class=\"elementor-post__card\">\n\t\t\t\t<a class=\"elementor-post__thumbnail__link\" href=\"https:\/\/sundlaugar.is\/en\/frettir\/opnunartimi-paskana-2025\/\" tabindex=\"-1\" ><div class=\"elementor-post__thumbnail\"><img fetchpriority=\"high\" decoding=\"async\" width=\"300\" height=\"200\" src=\"https:\/\/sundlaugar.is\/wp-content\/uploads\/2017\/04\/Sund-og-p\u00e1skar-300x200.jpg\" class=\"attachment-medium size-medium wp-image-840\" alt=\"\" srcset=\"https:\/\/sundlaugar.is\/wp-content\/uploads\/2017\/04\/Sund-og-p\u00e1skar-300x200.jpg 300w, https:\/\/sundlaugar.is\/wp-content\/uploads\/2017\/04\/Sund-og-p\u00e1skar-768x512.jpg 768w, https:\/\/sundlaugar.is\/wp-content\/uploads\/2017\/04\/Sund-og-p\u00e1skar.jpg 1000w\" sizes=\"(max-width: 300px) 100vw, 300px\" \/><\/div><\/a>\n\t\t\t\t<div class=\"elementor-post__text\">\n\t\t\t\t<h3 class=\"elementor-post__title\">\n\t\t\t<a href=\"https:\/\/sundlaugar.is\/en\/frettir\/opnunartimi-paskana-2025\/\" >\n\t\t\t\tOpening hours during Easter, first day of summer and 1. May 2025\t\t\t<\/a>\n\t\t<\/h3>\n\t\t\t\t<div class=\"elementor-post__excerpt\">\n\t\t\t<p>Here below are the opening hours for Easter 2025, as well as the first day of summer and the 1st of May.\u00a0 We have not<\/p>\n\t\t<\/div>\n\t\t\n\t\t<a class=\"elementor-post__read-more\" href=\"https:\/\/sundlaugar.is\/en\/frettir\/opnunartimi-paskana-2025\/\" aria-label=\"Read more about Opening hours during Easter, first day of summer and 1. May 2025\" tabindex=\"-1\" >\n\t\t\tRead More \u00bb\t\t<\/a>\n\n\t\t\t\t<\/div>\n\t\t\t\t<div class=\"elementor-post__meta-data\">\n\t\t\t\t\t<span class=\"elementor-post-date\">\n\t\t\t15 April 2025\t\t<\/span>\n\t\t\t\t<\/div>\n\t\t\t\t\t<\/div>\n\t\t<\/article>\n\t\t\t\t<article class=\"elementor-post elementor-grid-item post-4284 frettir type-frettir status-publish has-post-thumbnail hentry category-news\" role=\"listitem\">\n\t\t\t<div class=\"elementor-post__card\">\n\t\t\t\t<a class=\"elementor-post__thumbnail__link\" href=\"https:\/\/sundlaugar.is\/en\/frettir\/opnunartimar-um-jol-og-aramot-2024\/\" tabindex=\"-1\" ><div class=\"elementor-post__thumbnail\"><img decoding=\"async\" width=\"300\" height=\"201\" src=\"https:\/\/sundlaugar.is\/wp-content\/uploads\/2017\/12\/swim-santa-300x201.jpg\" class=\"attachment-medium size-medium wp-image-868\" alt=\"\" srcset=\"https:\/\/sundlaugar.is\/wp-content\/uploads\/2017\/12\/swim-santa-300x201.jpg 300w, https:\/\/sundlaugar.is\/wp-content\/uploads\/2017\/12\/swim-santa.jpg 400w\" sizes=\"(max-width: 300px) 100vw, 300px\" \/><\/div><\/a>\n\t\t\t\t<div class=\"elementor-post__text\">\n\t\t\t\t<h3 class=\"elementor-post__title\">\n\t\t\t<a href=\"https:\/\/sundlaugar.is\/en\/frettir\/opnunartimar-um-jol-og-aramot-2024\/\" >\n\t\t\t\tOpening hours during the holidays 2024\t\t\t<\/a>\n\t\t<\/h3>\n\t\t\t\t<div class=\"elementor-post__excerpt\">\n\t\t\t<p>Here in the link below is a list of the opening hours during Christmas and new years 2024.\u00a0 Some lines are still blank but will<\/p>\n\t\t<\/div>\n\t\t\n\t\t<a class=\"elementor-post__read-more\" href=\"https:\/\/sundlaugar.is\/en\/frettir\/opnunartimar-um-jol-og-aramot-2024\/\" aria-label=\"Read more about Opening hours during the holidays 2024\" tabindex=\"-1\" >\n\t\t\tRead More \u00bb\t\t<\/a>\n\n\t\t\t\t<\/div>\n\t\t\t\t<div class=\"elementor-post__meta-data\">\n\t\t\t\t\t<span class=\"elementor-post-date\">\n\t\t\t17 December 2024\t\t<\/span>\n\t\t\t\t<\/div>\n\t\t\t\t\t<\/div>\n\t\t<\/article>\n\t\t\t\t<\/div>\n\t\t\n\t\t\t\t<div class=\"e-load-more-anchor\" data-page=\"1\" data-max-page=\"6\" data-next-page=\"https:\/\/sundlaugar.is\/en\/wp-json\/wp\/v2\/pages\/2502\/page\/2\/\"><\/div>\n\t\t\t\t<nav class=\"elementor-pagination\" aria-label=\"Pagination\">\n\t\t\t<span class=\"page-numbers prev\">&laquo; Previous<\/span>\n<span aria-current=\"page\" class=\"page-numbers current\"><span class=\"elementor-screen-only\">Page<\/span>1<\/span>\n<a class=\"page-numbers\" href=\"https:\/\/sundlaugar.is\/en\/wp-json\/wp\/v2\/pages\/2502\/page\/2\/\"><span class=\"elementor-screen-only\">Page<\/span>2<\/a>\n<a class=\"page-numbers\" href=\"https:\/\/sundlaugar.is\/en\/wp-json\/wp\/v2\/pages\/2502\/page\/3\/\"><span class=\"elementor-screen-only\">Page<\/span>3<\/a>\n<span class=\"page-numbers dots\">&hellip;<\/span>\n<a class=\"page-numbers\" href=\"https:\/\/sundlaugar.is\/en\/wp-json\/wp\/v2\/pages\/2502\/page\/6\/\"><span class=\"elementor-screen-only\">Page<\/span>6<\/a>\n<a class=\"page-numbers next\" href=\"https:\/\/sundlaugar.is\/en\/wp-json\/wp\/v2\/pages\/2502\/page\/2\/\">Next &raquo;<\/a>\t\t<\/nav>\n\t\t\t\t\t\t<\/div>\n\t\t\t\t<\/div>\n\t\t\t\t\t<\/div>\n\t\t<\/div>\n\t\t\t\t\t<\/div>\n\t\t<\/section>\n\t\t\t\t<\/div>\n\t\t","protected":false},"excerpt":{"rendered":"<p>here you get all the news and information from swimming pools in Iceland<\/p>\n","protected":false},"author":1,"featured_media":0,"parent":0,"menu_order":0,"comment_status":"closed","ping_status":"closed","template":"elementor_header_footer","meta":{"_acf_changed":false,"footnotes":""},"class_list":["post-2502","page","type-page","status-publish","hentry"],"acf":[],"jetpack_sharing_enabled":true,"_links":{"self":[{"href":"https:\/\/sundlaugar.is\/en\/wp-json\/wp\/v2\/pages\/2502","targetHints":{"allow":["GET"]}}],"collection":[{"href":"https:\/\/sundlaugar.is\/en\/wp-json\/wp\/v2\/pages"}],"about":[{"href":"https:\/\/sundlaugar.is\/en\/wp-json\/wp\/v2\/types\/page"}],"author":[{"embeddable":true,"href":"https:\/\/sundlaugar.is\/en\/wp-json\/wp\/v2\/users\/1"}],"replies":[{"embeddable":true,"href":"https:\/\/sundlaugar.is\/en\/wp-json\/wp\/v2\/comments?post=2502"}],"version-history":[{"count":5,"href":"https:\/\/sundlaugar.is\/en\/wp-json\/wp\/v2\/pages\/2502\/revisions"}],"predecessor-version":[{"id":2921,"href":"https:\/\/sundlaugar.is\/en\/wp-json\/wp\/v2\/pages\/2502\/revisions\/2921"}],"wp:attachment":[{"href":"https:\/\/sundlaugar.is\/en\/wp-json\/wp\/v2\/media?parent=2502"}],"curies":[{"name":"wp","href":"https:\/\/api.w.org\/{rel}","templated":true}]}}